{"id":1004,"date":"2014-02-26T16:10:56","date_gmt":"2014-02-26T14:40:56","guid":{"rendered":"http:\/\/christiansanti.it\/?page_id=1004"},"modified":"2014-02-26T16:10:56","modified_gmt":"2014-02-26T14:40:56","slug":"uganda-e-ruanda","status":"publish","type":"page","link":"http:\/\/christiansanti.it\/?page_id=1004","title":{"rendered":"Uganda e Ruanda"},"content":{"rendered":"<p style=\"text-align: justify;\">Uno dei miei viaggi piu&#8217; belli in assoluto che risale al 2008.<\/p>\n<p style=\"text-align: justify;\">partiamo dal Ruanda e dalla sua capitale Kigali. impossibile non ricordare gli episodi legati al genocidio del 1994 che ha fatto un milione di morti nel giro di tre mesi in un paese che \u00a0conta circa nove milioni di abitanti. visitiamo un museo sul genocidio ed una chiesa teatro di una delle stragi piu&#8217; cruente. come restare impassibili di fronte a certe immagini? il peggio dell&#8217; animo umano rappresentato.<\/p>\n<p style=\"text-align: justify;\">il Ruanda \u00e8 un paese molto verde e viene definito proprio la terra delle mille colline. \u00e8 ricco di acqua e questo aspetto rende possibili vari tipi di coltivazioni tra cui quelle di the. il paese non \u00e8 grande e cosi&#8217; abbiamo potuto visitarne una buona parte, tra cui Kibuye, il secondo centro abitato del paese sulle rive del lago Kivu.<\/p>\n<p style=\"text-align: justify;\">vi sono diverse riserve naturali in cui osservare la vita di alcuni tipi di scimmie come i colobi, gli scimpanz\u00e8 ed i mitici gorilla di montagna.<\/p>\n<p style=\"text-align: justify;\">Nel Parco del Virunga, alle pendici di un grande vulcano, vivono alcune famiglie di gorilla di montagna ed \u00e8 possibile fare un trekking di un giorno per avvicinarli; il costo \u00e8 piuttosto alto, ovvero 500 dollari, ma l&#8217;emozione di vedere questi animali cosi&#8217; simili a noi uomini \u00a0nel loro ambiente naturale \u00e8 impagabile e rappresenta il clou del viaggio.<\/p>\n<p style=\"text-align: justify;\">l&#8217; uganda \u00e8 un paese piu&#8217; pianeggiante del Ruanda e piu&#8217; simile ad altri che ho visitato in Africa; molto ricca di acqua e questo regala un paesaggio con la savana piu&#8217; verde rispetto alla Tanzania o al Botswana. \u00e8 possibile visitare le cascate Murchinson falls e fare un bel safari nel parco Queen Elizabeth: se siete fortunati, come \u00e8 capitato a noi, in questa zona potrete vedere i leoni arrampicatori mentre salgono sugli alberi.\u00a0nell&#8217; album fotografico vedrete le immagini dei gattoni che dormono placidi sui rami.<\/p>\n<p style=\"text-align: justify;\">un viaggio per persone motivate e disposte a sopportare disagi ma che non potr\u00e0 deludere le vostre aspettative proprio per la diversit\u00e0 che regala.<\/p>\n<div id=\"scrollLightboxGallery_476297067_1\" class=\"bmo_the_gallery bmo_scrollLightboxGallery\">\n            \t\t<div class=\"bmo_the_gallery_thumb_area\">\n                \t\t<div class=\"bmo_the_gallery_thumbs\"><div class=\"bmo_the_gallery_image\"><a href=\"http:\/\/christiansanti.it\/wp-content\/uploads\/2014\/02\/uganda-ruanda-001.jpg\"><img src=\"http:\/\/christiansanti.it\/wp-content\/uploads\/2014\/02\/uganda-ruanda-001-150x150.jpg\" alt=\"RUANDA IL PAESE DELLE MILLE COLLINE\" title=\"\"\/><\/a>\n                         <div class=\"bmo_the_gallery_caption\"><p class=\"caption_title\">RUANDA IL PAESE DELLE MILLE COLLINE<\/p><p><\/p><\/div><\/div><div class=\"bmo_the_gallery_image\"><a href=\"http:\/\/christiansanti.it\/wp-content\/uploads\/2014\/02\/uganda-ruanda-002.jpg\"><img src=\"http:\/\/christiansanti.it\/wp-content\/uploads\/2014\/02\/uganda-ruanda-002-150x150.jpg\" alt=\"RUANDA IL PAESE DELLE MILLE COLLINE\" title=\"kigali\"\/><\/a>\n                         <div class=\"bmo_the_gallery_caption\"><p class=\"caption_title\">RUANDA IL PAESE DELLE MILLE COLLINE<\/p><p>kigali<\/p><\/div><\/div><div class=\"bmo_the_gallery_image\"><a href=\"http:\/\/christiansanti.it\/wp-content\/uploads\/2014\/02\/uganda-ruanda-003.jpg\"><img src=\"http:\/\/christiansanti.it\/wp-content\/uploads\/2014\/02\/uganda-ruanda-003-150x150.jpg\" alt=\"RUANDA IL PAESE DELLE MILLE COLLINE\" title=\"il famoso hotel delle mille colline del film &#8220;hotel ruanda&#8221;\"\/><\/a>\n                         <div class=\"bmo_the_gallery_caption\"><p class=\"caption_title\">RUANDA IL PAESE DELLE MILLE COLLINE<\/p><p>il famoso hotel delle mille colline del film &#8220;hotel ruanda&#8221;<\/p><\/div><\/div><div class=\"bmo_the_gallery_image\"><a href=\"http:\/\/christiansanti.it\/wp-content\/uploads\/2014\/02\/uganda-ruanda-004.jpg\"><img src=\"http:\/\/christiansanti.it\/wp-content\/uploads\/2014\/02\/uganda-ruanda-004-150x150.jpg\" alt=\"RUANDA IL PAESE DELLE MILLE COLLINE\" title=\"una chiesa di kigali teatro di strage nel genocidio del &#8217;94\"\/><\/a>\n                         <div class=\"bmo_the_gallery_caption\"><p class=\"caption_title\">RUANDA IL PAESE DELLE MILLE COLLINE<\/p><p>una chiesa di kigali teatro di strage nel genocidio del &#8217;94<\/p><\/div><\/div><div class=\"bmo_the_gallery_image\"><a href=\"http:\/\/christiansanti.it\/wp-content\/uploads\/2014\/02\/uganda-ruanda-005.jpg\"><img src=\"http:\/\/christiansanti.it\/wp-content\/uploads\/2014\/02\/uganda-ruanda-005-150x150.jpg\" alt=\"RUANDA IL PAESE DELLE MILLE COLLINE\" title=\"una chiesa di kigali teatro di strage nel genocidio del &#8217;94\"\/><\/a>\n                         <div class=\"bmo_the_gallery_caption\"><p class=\"caption_title\">RUANDA IL PAESE DELLE MILLE COLLINE<\/p><p>una chiesa di kigali teatro di strage nel genocidio del &#8217;94<\/p><\/div><\/div><div class=\"bmo_the_gallery_image\"><a href=\"http:\/\/christiansanti.it\/wp-content\/uploads\/2014\/02\/uganda-ruanda-006.jpg\"><img src=\"http:\/\/christiansanti.it\/wp-content\/uploads\/2014\/02\/uganda-ruanda-006-150x150.jpg\" alt=\"RUANDA IL PAESE DELLE MILLE COLLINE\" title=\"\"\/><\/a>\n                         <div class=\"bmo_the_gallery_caption\"><p class=\"caption_title\">RUANDA IL PAESE DELLE MILLE COLLINE<\/p><p><\/p><\/div><\/div><div class=\"bmo_the_gallery_image\"><a href=\"http:\/\/christiansanti.it\/wp-content\/uploads\/2014\/02\/uganda-ruanda-007.jpg\"><img src=\"http:\/\/christiansanti.it\/wp-content\/uploads\/2014\/02\/uganda-ruanda-007-150x150.jpg\" alt=\"RUANDA IL PAESE DELLE MILLE COLLINE\" title=\"\"\/><\/a>\n                         <div class=\"bmo_the_gallery_caption\"><p class=\"caption_title\">RUANDA IL PAESE DELLE MILLE COLLINE<\/p><p><\/p><\/div><\/div><div class=\"bmo_the_gallery_image\"><a href=\"http:\/\/christiansanti.it\/wp-content\/uploads\/2014\/02\/uganda-ruanda-008.jpg\"><img src=\"http:\/\/christiansanti.it\/wp-content\/uploads\/2014\/02\/uganda-ruanda-008-150x150.jpg\" alt=\"RUANDA IL PAESE DELLE MILLE COLLINE\" title=\"\"\/><\/a>\n                         <div class=\"bmo_the_gallery_caption\"><p class=\"caption_title\">RUANDA IL PAESE DELLE MILLE COLLINE<\/p><p><\/p><\/div><\/div><div class=\"bmo_the_gallery_image\"><a href=\"http:\/\/christiansanti.it\/wp-content\/uploads\/2014\/02\/uganda-ruanda-009.jpg\"><img src=\"http:\/\/christiansanti.it\/wp-content\/uploads\/2014\/02\/uganda-ruanda-009-150x150.jpg\" alt=\"RUANDA IL PAESE DELLE MILLE COLLINE\" title=\"colobi\"\/><\/a>\n                         <div class=\"bmo_the_gallery_caption\"><p class=\"caption_title\">RUANDA IL PAESE DELLE MILLE COLLINE<\/p><p>colobi<\/p><\/div><\/div><div class=\"bmo_the_gallery_image\"><a href=\"http:\/\/christiansanti.it\/wp-content\/uploads\/2014\/02\/uganda-ruanda-010.jpg\"><img src=\"http:\/\/christiansanti.it\/wp-content\/uploads\/2014\/02\/uganda-ruanda-010-150x150.jpg\" alt=\"RUANDA IL PAESE DELLE MILLE COLLINE\" title=\"\"\/><\/a>\n                         <div class=\"bmo_the_gallery_caption\"><p class=\"caption_title\">RUANDA IL PAESE DELLE MILLE COLLINE<\/p><p><\/p><\/div><\/div><div class=\"bmo_the_gallery_image\"><a href=\"http:\/\/christiansanti.it\/wp-content\/uploads\/2014\/02\/uganda-ruanda-011.jpg\"><img src=\"http:\/\/christiansanti.it\/wp-content\/uploads\/2014\/02\/uganda-ruanda-011-150x150.jpg\" alt=\"RUANDA IL PAESE DELLE MILLE COLLINE\" title=\"\"\/><\/a>\n                         <div class=\"bmo_the_gallery_caption\"><p class=\"caption_title\">RUANDA IL PAESE DELLE MILLE COLLINE<\/p><p><\/p><\/div><\/div><div class=\"bmo_the_gallery_image\"><a href=\"http:\/\/christiansanti.it\/wp-content\/uploads\/2014\/02\/uganda-ruanda-012.jpg\"><img src=\"http:\/\/christiansanti.it\/wp-content\/uploads\/2014\/02\/uganda-ruanda-012-150x150.jpg\" alt=\"RUANDA IL PAESE DELLE MILLE COLLINE\" title=\"una chiesa di kibuye teatro del genocidio del &#8217;94\"\/><\/a>\n                         <div class=\"bmo_the_gallery_caption\"><p class=\"caption_title\">RUANDA IL PAESE DELLE MILLE COLLINE<\/p><p>una chiesa di kibuye teatro del genocidio del &#8217;94<\/p><\/div><\/div><div class=\"bmo_the_gallery_image\"><a href=\"http:\/\/christiansanti.it\/wp-content\/uploads\/2014\/02\/uganda-ruanda-013.jpg\"><img src=\"http:\/\/christiansanti.it\/wp-content\/uploads\/2014\/02\/uganda-ruanda-013-150x150.jpg\" alt=\"RUANDA IL PAESE DELLE MILLE COLLINE\" title=\"\"\/><\/a>\n                         <div class=\"bmo_the_gallery_caption\"><p class=\"caption_title\">RUANDA IL PAESE DELLE MILLE COLLINE<\/p><p><\/p><\/div><\/div><div class=\"bmo_the_gallery_image\"><a href=\"http:\/\/christiansanti.it\/wp-content\/uploads\/2014\/02\/uganda-ruanda-014.jpg\"><img src=\"http:\/\/christiansanti.it\/wp-content\/uploads\/2014\/02\/uganda-ruanda-014-150x150.jpg\" alt=\"RUANDA IL PAESE DELLE MILLE COLLINE\" title=\"\"\/><\/a>\n                         <div class=\"bmo_the_gallery_caption\"><p class=\"caption_title\">RUANDA IL PAESE DELLE MILLE COLLINE<\/p><p><\/p><\/div><\/div><div class=\"bmo_the_gallery_image\"><a href=\"http:\/\/christiansanti.it\/wp-content\/uploads\/2014\/02\/uganda-ruanda-015.jpg\"><img src=\"http:\/\/christiansanti.it\/wp-content\/uploads\/2014\/02\/uganda-ruanda-015-150x150.jpg\" alt=\"RUANDA IL PAESE DELLE MILLE COLLINE\" title=\"\"\/><\/a>\n                         <div class=\"bmo_the_gallery_caption\"><p class=\"caption_title\">RUANDA IL PAESE DELLE MILLE COLLINE<\/p><p><\/p><\/div><\/div><div class=\"bmo_the_gallery_image\"><a href=\"http:\/\/christiansanti.it\/wp-content\/uploads\/2014\/02\/uganda-ruanda-016.jpg\"><img src=\"http:\/\/christiansanti.it\/wp-content\/uploads\/2014\/02\/uganda-ruanda-016-150x150.jpg\" alt=\"GLI ULTIMI GORILLA DI MONTAGNA\" title=\"gorilla di montagna\"\/><\/a>\n                         <div class=\"bmo_the_gallery_caption\"><p class=\"caption_title\">GLI ULTIMI GORILLA DI MONTAGNA<\/p><p>gorilla di montagna<\/p><\/div><\/div><div class=\"bmo_the_gallery_image\"><a href=\"http:\/\/christiansanti.it\/wp-content\/uploads\/2014\/02\/uganda-ruanda-017.jpg\"><img src=\"http:\/\/christiansanti.it\/wp-content\/uploads\/2014\/02\/uganda-ruanda-017-150x150.jpg\" alt=\"GLI ULTIMI GORILLA DI MONTAGNA\" title=\"gorilla di montagna\"\/><\/a>\n                         <div class=\"bmo_the_gallery_caption\"><p class=\"caption_title\">GLI ULTIMI GORILLA DI MONTAGNA<\/p><p>gorilla di montagna<\/p><\/div><\/div><div class=\"bmo_the_gallery_image\"><a href=\"http:\/\/christiansanti.it\/wp-content\/uploads\/2014\/02\/uganda-ruanda-018.jpg\"><img src=\"http:\/\/christiansanti.it\/wp-content\/uploads\/2014\/02\/uganda-ruanda-018-150x150.jpg\" alt=\"GLI ULTIMI GORILLA DI MONTAGNA\" title=\"gorilla di montagna\"\/><\/a>\n                         <div class=\"bmo_the_gallery_caption\"><p class=\"caption_title\">GLI ULTIMI GORILLA DI MONTAGNA<\/p><p>gorilla di montagna<\/p><\/div><\/div><div class=\"bmo_the_gallery_image\"><a href=\"http:\/\/christiansanti.it\/wp-content\/uploads\/2014\/02\/uganda-ruanda-019.jpg\"><img src=\"http:\/\/christiansanti.it\/wp-content\/uploads\/2014\/02\/uganda-ruanda-019-150x150.jpg\" alt=\"GLI ULTIMI GORILLA DI MONTAGNA\" title=\"gorilla di montagna\"\/><\/a>\n                         <div class=\"bmo_the_gallery_caption\"><p class=\"caption_title\">GLI ULTIMI GORILLA DI MONTAGNA<\/p><p>gorilla di montagna<\/p><\/div><\/div><div class=\"bmo_the_gallery_image\"><a href=\"http:\/\/christiansanti.it\/wp-content\/uploads\/2014\/02\/uganda-ruanda-020.jpg\"><img src=\"http:\/\/christiansanti.it\/wp-content\/uploads\/2014\/02\/uganda-ruanda-020-150x150.jpg\" alt=\"GLI ULTIMI GORILLA DI MONTAGNA\" title=\"gorilla di montagna\"\/><\/a>\n                         <div class=\"bmo_the_gallery_caption\"><p class=\"caption_title\">GLI ULTIMI GORILLA DI MONTAGNA<\/p><p>gorilla di montagna<\/p><\/div><\/div><div class=\"bmo_the_gallery_image\"><a href=\"http:\/\/christiansanti.it\/wp-content\/uploads\/2014\/02\/uganda-ruanda-021.jpg\"><img src=\"http:\/\/christiansanti.it\/wp-content\/uploads\/2014\/02\/uganda-ruanda-021-150x150.jpg\" alt=\"GLI ULTIMI GORILLA DI MONTAGNA\" title=\"gorilla di montagna\"\/><\/a>\n                         <div class=\"bmo_the_gallery_caption\"><p class=\"caption_title\">GLI ULTIMI GORILLA DI MONTAGNA<\/p><p>gorilla di montagna<\/p><\/div><\/div><div class=\"bmo_the_gallery_image\"><a href=\"http:\/\/christiansanti.it\/wp-content\/uploads\/2014\/02\/uganda-ruanda-022.jpg\"><img src=\"http:\/\/christiansanti.it\/wp-content\/uploads\/2014\/02\/uganda-ruanda-022-150x150.jpg\" alt=\"GLI ULTIMI GORILLA DI MONTAGNA\" title=\"gorilla di montagna\"\/><\/a>\n                         <div class=\"bmo_the_gallery_caption\"><p class=\"caption_title\">GLI ULTIMI GORILLA DI MONTAGNA<\/p><p>gorilla di montagna<\/p><\/div><\/div><div class=\"bmo_the_gallery_image\"><a href=\"http:\/\/christiansanti.it\/wp-content\/uploads\/2014\/02\/uganda-ruanda-023.jpg\"><img src=\"http:\/\/christiansanti.it\/wp-content\/uploads\/2014\/02\/uganda-ruanda-023-150x150.jpg\" alt=\"GLI ULTIMI GORILLA DI MONTAGNA\" title=\"gorilla di montagna\"\/><\/a>\n                         <div class=\"bmo_the_gallery_caption\"><p class=\"caption_title\">GLI ULTIMI GORILLA DI MONTAGNA<\/p><p>gorilla di montagna<\/p><\/div><\/div><div class=\"bmo_the_gallery_image\"><a href=\"http:\/\/christiansanti.it\/wp-content\/uploads\/2014\/02\/uganda-ruanda-024.jpg\"><img src=\"http:\/\/christiansanti.it\/wp-content\/uploads\/2014\/02\/uganda-ruanda-024-150x150.jpg\" alt=\"GLI ULTIMI GORILLA DI MONTAGNA\" title=\"gorilla di montagna\"\/><\/a>\n                         <div class=\"bmo_the_gallery_caption\"><p class=\"caption_title\">GLI ULTIMI GORILLA DI MONTAGNA<\/p><p>gorilla di montagna<\/p><\/div><\/div><div class=\"bmo_the_gallery_image\"><a href=\"http:\/\/christiansanti.it\/wp-content\/uploads\/2014\/02\/uganda-ruanda-025.jpg\"><img src=\"http:\/\/christiansanti.it\/wp-content\/uploads\/2014\/02\/uganda-ruanda-025-150x150.jpg\" alt=\"RUANDA IL PAESE DELLE MILLE COLLINE\" title=\"\"\/><\/a>\n                         <div class=\"bmo_the_gallery_caption\"><p class=\"caption_title\">RUANDA IL PAESE DELLE MILLE COLLINE<\/p><p><\/p><\/div><\/div><div class=\"bmo_the_gallery_image\"><a href=\"http:\/\/christiansanti.it\/wp-content\/uploads\/2014\/02\/uganda-ruanda-026.jpg\"><img src=\"http:\/\/christiansanti.it\/wp-content\/uploads\/2014\/02\/uganda-ruanda-026-150x150.jpg\" alt=\"GLI ULTIMI GORILLA DI MONTAGNA\" title=\"\"\/><\/a>\n                         <div class=\"bmo_the_gallery_caption\"><p class=\"caption_title\">GLI ULTIMI GORILLA DI MONTAGNA<\/p><p><\/p><\/div><\/div><div class=\"bmo_the_gallery_image\"><a href=\"http:\/\/christiansanti.it\/wp-content\/uploads\/2014\/02\/uganda-ruanda-027.jpg\"><img src=\"http:\/\/christiansanti.it\/wp-content\/uploads\/2014\/02\/uganda-ruanda-027-150x150.jpg\" alt=\"uganda-ruanda 027\" title=\"\"\/><\/a>\n                         <div class=\"bmo_the_gallery_caption\"><p class=\"caption_title\">uganda-ruanda 027<\/p><p><\/p><\/div><\/div><div class=\"bmo_the_gallery_image\"><a href=\"http:\/\/christiansanti.it\/wp-content\/uploads\/2014\/02\/uganda-ruanda-028.jpg\"><img src=\"http:\/\/christiansanti.it\/wp-content\/uploads\/2014\/02\/uganda-ruanda-028-150x150.jpg\" alt=\"uganda-ruanda 028\" title=\"i leoni arrampicatori\"\/><\/a>\n                         <div class=\"bmo_the_gallery_caption\"><p class=\"caption_title\">uganda-ruanda 028<\/p><p>i leoni arrampicatori<\/p><\/div><\/div><div class=\"bmo_the_gallery_image\"><a href=\"http:\/\/christiansanti.it\/wp-content\/uploads\/2014\/02\/uganda-ruanda-029.jpg\"><img src=\"http:\/\/christiansanti.it\/wp-content\/uploads\/2014\/02\/uganda-ruanda-029-150x150.jpg\" alt=\"uganda-ruanda 029\" title=\"i leoni arrampicatori\"\/><\/a>\n                         <div class=\"bmo_the_gallery_caption\"><p class=\"caption_title\">uganda-ruanda 029<\/p><p>i leoni arrampicatori<\/p><\/div><\/div><div class=\"bmo_the_gallery_image\"><a href=\"http:\/\/christiansanti.it\/wp-content\/uploads\/2014\/02\/uganda-ruanda-030.jpg\"><img src=\"http:\/\/christiansanti.it\/wp-content\/uploads\/2014\/02\/uganda-ruanda-030-150x150.jpg\" alt=\"uganda-ruanda 030\" title=\"i leoni arrampicatori\"\/><\/a>\n                         <div class=\"bmo_the_gallery_caption\"><p class=\"caption_title\">uganda-ruanda 030<\/p><p>i leoni arrampicatori<\/p><\/div><\/div><div class=\"bmo_the_gallery_image\"><a href=\"http:\/\/christiansanti.it\/wp-content\/uploads\/2014\/02\/uganda-ruanda-031.jpg\"><img src=\"http:\/\/christiansanti.it\/wp-content\/uploads\/2014\/02\/uganda-ruanda-031-150x150.jpg\" alt=\"uganda-ruanda 031\" title=\"\"\/><\/a>\n                         <div class=\"bmo_the_gallery_caption\"><p class=\"caption_title\">uganda-ruanda 031<\/p><p><\/p><\/div><\/div><div class=\"bmo_the_gallery_image\"><a href=\"http:\/\/christiansanti.it\/wp-content\/uploads\/2014\/02\/uganda-ruanda-032.jpg\"><img src=\"http:\/\/christiansanti.it\/wp-content\/uploads\/2014\/02\/uganda-ruanda-032-150x150.jpg\" alt=\"uganda-ruanda 032\" title=\"\"\/><\/a>\n                         <div class=\"bmo_the_gallery_caption\"><p class=\"caption_title\">uganda-ruanda 032<\/p><p><\/p><\/div><\/div><div class=\"bmo_the_gallery_image\"><a href=\"http:\/\/christiansanti.it\/wp-content\/uploads\/2014\/02\/uganda-ruanda-033.jpg\"><img src=\"http:\/\/christiansanti.it\/wp-content\/uploads\/2014\/02\/uganda-ruanda-033-150x150.jpg\" alt=\"uganda-ruanda 033\" title=\"\"\/><\/a>\n                         <div class=\"bmo_the_gallery_caption\"><p class=\"caption_title\">uganda-ruanda 033<\/p><p><\/p><\/div><\/div><div class=\"bmo_the_gallery_image\"><a href=\"http:\/\/christiansanti.it\/wp-content\/uploads\/2014\/02\/uganda-ruanda-034.jpg\"><img src=\"http:\/\/christiansanti.it\/wp-content\/uploads\/2014\/02\/uganda-ruanda-034-150x150.jpg\" alt=\"uganda-ruanda 034\" title=\"\"\/><\/a>\n                         <div class=\"bmo_the_gallery_caption\"><p class=\"caption_title\">uganda-ruanda 034<\/p><p><\/p><\/div><\/div><div class=\"bmo_the_gallery_image\"><a href=\"http:\/\/christiansanti.it\/wp-content\/uploads\/2014\/02\/uganda-ruanda-035.jpg\"><img src=\"http:\/\/christiansanti.it\/wp-content\/uploads\/2014\/02\/uganda-ruanda-035-150x150.jpg\" alt=\"uganda-ruanda 035\" title=\"\"\/><\/a>\n                         <div class=\"bmo_the_gallery_caption\"><p class=\"caption_title\">uganda-ruanda 035<\/p><p><\/p><\/div><\/div><div class=\"bmo_the_gallery_image\"><a href=\"http:\/\/christiansanti.it\/wp-content\/uploads\/2014\/02\/uganda-ruanda-036.jpg\"><img src=\"http:\/\/christiansanti.it\/wp-content\/uploads\/2014\/02\/uganda-ruanda-036-150x150.jpg\" alt=\"uganda-ruanda 036\" title=\"\"\/><\/a>\n                         <div class=\"bmo_the_gallery_caption\"><p class=\"caption_title\">uganda-ruanda 036<\/p><p><\/p><\/div><\/div><div class=\"bmo_the_gallery_image\"><a href=\"http:\/\/christiansanti.it\/wp-content\/uploads\/2014\/02\/uganda-ruanda-037.jpg\"><img src=\"http:\/\/christiansanti.it\/wp-content\/uploads\/2014\/02\/uganda-ruanda-037-150x150.jpg\" alt=\"uganda-ruanda 037\" title=\"\"\/><\/a>\n                         <div class=\"bmo_the_gallery_caption\"><p class=\"caption_title\">uganda-ruanda 037<\/p><p><\/p><\/div><\/div><div class=\"bmo_the_gallery_image\"><a href=\"http:\/\/christiansanti.it\/wp-content\/uploads\/2014\/02\/uganda-ruanda-038.jpg\"><img src=\"http:\/\/christiansanti.it\/wp-content\/uploads\/2014\/02\/uganda-ruanda-038-150x150.jpg\" alt=\"uganda-ruanda 038\" title=\"\"\/><\/a>\n                         <div class=\"bmo_the_gallery_caption\"><p class=\"caption_title\">uganda-ruanda 038<\/p><p><\/p><\/div><\/div><div class=\"bmo_the_gallery_image\"><a href=\"http:\/\/christiansanti.it\/wp-content\/uploads\/2014\/02\/uganda-ruanda-039.jpg\"><img src=\"http:\/\/christiansanti.it\/wp-content\/uploads\/2014\/02\/uganda-ruanda-039-150x150.jpg\" alt=\"uganda-ruanda 039\" title=\"\"\/><\/a>\n                         <div class=\"bmo_the_gallery_caption\"><p class=\"caption_title\">uganda-ruanda 039<\/p><p><\/p><\/div><\/div><div class=\"bmo_the_gallery_image\"><a href=\"http:\/\/christiansanti.it\/wp-content\/uploads\/2014\/02\/uganda-ruanda-040.jpg\"><img src=\"http:\/\/christiansanti.it\/wp-content\/uploads\/2014\/02\/uganda-ruanda-040-150x150.jpg\" alt=\"uganda-ruanda 040\" title=\"\"\/><\/a>\n                         <div class=\"bmo_the_gallery_caption\"><p class=\"caption_title\">uganda-ruanda 040<\/p><p><\/p><\/div><\/div><div class=\"bmo_the_gallery_image\"><a href=\"http:\/\/christiansanti.it\/wp-content\/uploads\/2014\/02\/uganda-ruanda-041.jpg\"><img src=\"http:\/\/christiansanti.it\/wp-content\/uploads\/2014\/02\/uganda-ruanda-041-150x150.jpg\" alt=\"uganda-ruanda 041\" title=\"\"\/><\/a>\n                         <div class=\"bmo_the_gallery_caption\"><p class=\"caption_title\">uganda-ruanda 041<\/p><p><\/p><\/div><\/div><div class=\"bmo_the_gallery_image\"><a href=\"http:\/\/christiansanti.it\/wp-content\/uploads\/2014\/02\/uganda-ruanda-042.jpg\"><img src=\"http:\/\/christiansanti.it\/wp-content\/uploads\/2014\/02\/uganda-ruanda-042-150x150.jpg\" alt=\"uganda-ruanda 042\" title=\"murchinson falls\"\/><\/a>\n                         <div class=\"bmo_the_gallery_caption\"><p class=\"caption_title\">uganda-ruanda 042<\/p><p>murchinson falls<\/p><\/div><\/div><div class=\"bmo_the_gallery_image\"><a href=\"http:\/\/christiansanti.it\/wp-content\/uploads\/2014\/02\/uganda-ruanda-043.jpg\"><img src=\"http:\/\/christiansanti.it\/wp-content\/uploads\/2014\/02\/uganda-ruanda-043-150x150.jpg\" alt=\"uganda-ruanda 043\" title=\"queen elizabeth park\"\/><\/a>\n                         <div class=\"bmo_the_gallery_caption\"><p class=\"caption_title\">uganda-ruanda 043<\/p><p>queen elizabeth park<\/p><\/div><\/div><div class=\"bmo_the_gallery_image\"><a href=\"http:\/\/christiansanti.it\/wp-content\/uploads\/2014\/02\/uganda-ruanda-044.jpg\"><img src=\"http:\/\/christiansanti.it\/wp-content\/uploads\/2014\/02\/uganda-ruanda-044-150x150.jpg\" alt=\"uganda-ruanda 044\" title=\"queen elizabeth park\"\/><\/a>\n                         <div class=\"bmo_the_gallery_caption\"><p class=\"caption_title\">uganda-ruanda 044<\/p><p>queen elizabeth park<\/p><\/div><\/div>\t\t<\/div>\n            \t\t<\/div>\n                <\/div>\n<p style=\"text-align: justify;\">Galleria immagini Uganda &#8211; Ruanda 2008<\/p>\n","protected":false},"excerpt":{"rendered":"<p>Uno dei miei viaggi piu&#8217; belli in assoluto che risale al 2008. partiamo dal Ruanda e dalla sua capitale Kigali. impossibile non ricordare gli episodi legati al genocidio del 1994 che ha fatto un milione di morti nel giro di tre mesi in un paese che \u00a0conta circa nove milioni di abitanti. visitiamo un museo [&hellip;]<\/p>\n","protected":false},"author":3,"featured_media":0,"parent":2,"menu_order":0,"comment_status":"open","ping_status":"open","template":"","meta":[],"_links":{"self":[{"href":"http:\/\/christiansanti.it\/index.php?rest_route=\/wp\/v2\/pages\/1004"}],"collection":[{"href":"http:\/\/christiansanti.it\/index.php?rest_route=\/wp\/v2\/pages"}],"about":[{"href":"http:\/\/christiansanti.it\/index.php?rest_route=\/wp\/v2\/types\/page"}],"author":[{"embeddable":true,"href":"http:\/\/christiansanti.it\/index.php?rest_route=\/wp\/v2\/users\/3"}],"replies":[{"embeddable":true,"href":"http:\/\/christiansanti.it\/index.php?rest_route=%2Fwp%2Fv2%2Fcomments&post=1004"}],"version-history":[{"count":1,"href":"http:\/\/christiansanti.it\/index.php?rest_route=\/wp\/v2\/pages\/1004\/revisions"}],"predecessor-version":[{"id":1049,"href":"http:\/\/christiansanti.it\/index.php?rest_route=\/wp\/v2\/pages\/1004\/revisions\/1049"}],"up":[{"embeddable":true,"href":"http:\/\/christiansanti.it\/index.php?rest_route=\/wp\/v2\/pages\/2"}],"wp:attachment":[{"href":"http:\/\/christiansanti.it\/index.php?rest_route=%2Fwp%2Fv2%2Fmedia&parent=1004"}],"curies":[{"name":"wp","href":"https:\/\/api.w.org\/{rel}","templated":true}]}}