{"id":1051,"date":"2014-02-26T16:32:26","date_gmt":"2014-02-26T15:02:26","guid":{"rendered":"http:\/\/christiansanti.it\/?page_id=1051"},"modified":"2014-02-26T16:32:26","modified_gmt":"2014-02-26T15:02:26","slug":"zanzibar","status":"publish","type":"page","link":"http:\/\/christiansanti.it\/?page_id=1051","title":{"rendered":"Zanzibar"},"content":{"rendered":"<p style=\"text-align: justify;\">Al termine del viaggio in Tanzania del 2011 ci siamo regalati una settimana di relax a Zanzibar.<\/p>\n<p style=\"text-align: justify;\">questa isola si trova di fronte a Dar Er Salaam, capitale della Tanzania, ed \u00e8 raggiungibile con qualche ora di aliscafo o venti minuti di volo. la capitale \u00e8 Stone Town, in cui \u00e8 assolutamente da visitare il centro storico antico, fatto di piccole vie a labirinto e patrimonio dell &#8216; Unesco<\/p>\n<p style=\"text-align: justify;\">Siamo rimasti per un paio di giorni a Jambiani, un villaggio sulla costa ovest dove c&#8217;\u00e8 un fenomeno molto forte di maree ed \u00e8 cosi&#8217; possibile vedere la raccolta delle alghe in alcune ore del giorno. l&#8217;unico problema \u00e8 che con le maree non avrete quasi mai spiaggia e mare \u00a0contemporaneamente: dovrete accontentarvi di uno o l&#8217;altro.<\/p>\n<p style=\"text-align: justify;\">per il mare \u00e8 decisamente piu&#8217; consigliabile il centro di Nungwi, sulla costa nord dell&#8217; isola. molto turistico come offerta ma a fine viaggio ci sta. qui \u00e8 possibile fare escursioni dedicate allo snorkeling con barbeque incluso, poco pesce e molto riso a dir la verit\u00e0. vicino a Nungwi la bellissima spiaggia di Kendwa.<\/p>\n<p style=\"text-align: justify;\">se devo sottolineare un lato negativo di Zanzibar \u00e8 forse l&#8217;eccessivo turismo italiano che porta come conseguenza il fatto di incontrare un masai che cammina sul bagnasciuga indossando occhiali da sole e ti saluta con la battuta in dialetto napoletano.<\/p>\n<p style=\"text-align: justify;\">proprio mentre scrivo queste righe arriva la notizia di un paio di bombe esplose a Stone Town nella zona turistica e questo mi fa pensare che le presenze di stranieri andranno a calare significativamente.<\/p>\n<p style=\"text-align: justify;\">purtroppo gli estremisti islamici sono presenti anche qui e l&#8217;estate scorsa si \u00e8 verificato l&#8217; episodio del ferimento con l&#8217;acido di due ragazze inglesi ad opera di un sedicente Imam.<\/p>\n<p style=\"text-align: justify;\">Lo so, non vi sto invogliando a partire per Zanzibar, ma il mondo \u00e8 anche questo e non possiamo chiudere gli occhi.<\/p>\n<div id=\"scrollLightboxGallery_2004894565_1\" class=\"bmo_the_gallery bmo_scrollLightboxGallery\">\n            \t\t<div class=\"bmo_the_gallery_thumb_area\">\n                \t\t<div class=\"bmo_the_gallery_thumbs\"><div class=\"bmo_the_gallery_image\"><a href=\"http:\/\/christiansanti.it\/wp-content\/uploads\/2014\/02\/899.jpg\"><img src=\"http:\/\/christiansanti.it\/wp-content\/uploads\/2014\/02\/899-150x150.jpg\" alt=\"899\" title=\"\"\/><\/a>\n                         <div class=\"bmo_the_gallery_caption\"><p class=\"caption_title\">899<\/p><p><\/p><\/div><\/div><div class=\"bmo_the_gallery_image\"><a href=\"http:\/\/christiansanti.it\/wp-content\/uploads\/2014\/02\/906.jpg\"><img src=\"http:\/\/christiansanti.it\/wp-content\/uploads\/2014\/02\/906-150x150.jpg\" alt=\"906\" title=\"\"\/><\/a>\n                         <div class=\"bmo_the_gallery_caption\"><p class=\"caption_title\">906<\/p><p><\/p><\/div><\/div><div class=\"bmo_the_gallery_image\"><a href=\"http:\/\/christiansanti.it\/wp-content\/uploads\/2014\/02\/936.jpg\"><img src=\"http:\/\/christiansanti.it\/wp-content\/uploads\/2014\/02\/936-150x150.jpg\" alt=\"936\" title=\"\"\/><\/a>\n                         <div class=\"bmo_the_gallery_caption\"><p class=\"caption_title\">936<\/p><p><\/p><\/div><\/div><div class=\"bmo_the_gallery_image\"><a href=\"http:\/\/christiansanti.it\/wp-content\/uploads\/2014\/02\/938.jpg\"><img src=\"http:\/\/christiansanti.it\/wp-content\/uploads\/2014\/02\/938-150x150.jpg\" alt=\"938\" title=\"\"\/><\/a>\n                         <div class=\"bmo_the_gallery_caption\"><p class=\"caption_title\">938<\/p><p><\/p><\/div><\/div><div class=\"bmo_the_gallery_image\"><a href=\"http:\/\/christiansanti.it\/wp-content\/uploads\/2014\/02\/9721.jpg\"><img src=\"http:\/\/christiansanti.it\/wp-content\/uploads\/2014\/02\/9721-150x150.jpg\" alt=\"972\" title=\"\"\/><\/a>\n                         <div class=\"bmo_the_gallery_caption\"><p class=\"caption_title\">972<\/p><p><\/p><\/div><\/div><div class=\"bmo_the_gallery_image\"><a href=\"http:\/\/christiansanti.it\/wp-content\/uploads\/2014\/02\/1002.jpg\"><img src=\"http:\/\/christiansanti.it\/wp-content\/uploads\/2014\/02\/1002-150x150.jpg\" alt=\"1002\" title=\"\"\/><\/a>\n                         <div class=\"bmo_the_gallery_caption\"><p class=\"caption_title\">1002<\/p><p><\/p><\/div><\/div><div class=\"bmo_the_gallery_image\"><a href=\"http:\/\/christiansanti.it\/wp-content\/uploads\/2014\/02\/1003.jpg\"><img src=\"http:\/\/christiansanti.it\/wp-content\/uploads\/2014\/02\/1003-150x150.jpg\" alt=\"1003\" title=\"jambiani raccolta di alghe\"\/><\/a>\n                         <div class=\"bmo_the_gallery_caption\"><p class=\"caption_title\">1003<\/p><p>jambiani raccolta di alghe<\/p><\/div><\/div><div class=\"bmo_the_gallery_image\"><a href=\"http:\/\/christiansanti.it\/wp-content\/uploads\/2014\/02\/1008.jpg\"><img src=\"http:\/\/christiansanti.it\/wp-content\/uploads\/2014\/02\/1008-150x150.jpg\" alt=\"1008\" title=\"jambiani raccolta di alghe\"\/><\/a>\n                         <div class=\"bmo_the_gallery_caption\"><p class=\"caption_title\">1008<\/p><p>jambiani raccolta di alghe<\/p><\/div><\/div><div class=\"bmo_the_gallery_image\"><a href=\"http:\/\/christiansanti.it\/wp-content\/uploads\/2014\/02\/1014.jpg\"><img src=\"http:\/\/christiansanti.it\/wp-content\/uploads\/2014\/02\/1014-150x150.jpg\" alt=\"1014\" title=\"jambiani\"\/><\/a>\n                         <div class=\"bmo_the_gallery_caption\"><p class=\"caption_title\">1014<\/p><p>jambiani<\/p><\/div><\/div><div class=\"bmo_the_gallery_image\"><a href=\"http:\/\/christiansanti.it\/wp-content\/uploads\/2014\/02\/1018.jpg\"><img src=\"http:\/\/christiansanti.it\/wp-content\/uploads\/2014\/02\/1018-150x150.jpg\" alt=\"1018\" title=\"jambiani raccolta di alghe\"\/><\/a>\n                         <div class=\"bmo_the_gallery_caption\"><p class=\"caption_title\">1018<\/p><p>jambiani raccolta di alghe<\/p><\/div><\/div><div class=\"bmo_the_gallery_image\"><a href=\"http:\/\/christiansanti.it\/wp-content\/uploads\/2014\/02\/1020.jpg\"><img src=\"http:\/\/christiansanti.it\/wp-content\/uploads\/2014\/02\/1020-150x150.jpg\" alt=\"1020\" title=\"jambiani\"\/><\/a>\n                         <div class=\"bmo_the_gallery_caption\"><p class=\"caption_title\">1020<\/p><p>jambiani<\/p><\/div><\/div><div class=\"bmo_the_gallery_image\"><a href=\"http:\/\/christiansanti.it\/wp-content\/uploads\/2014\/02\/1024.jpg\"><img src=\"http:\/\/christiansanti.it\/wp-content\/uploads\/2014\/02\/1024-150x150.jpg\" alt=\"1024\" title=\"jambiani\"\/><\/a>\n                         <div class=\"bmo_the_gallery_caption\"><p class=\"caption_title\">1024<\/p><p>jambiani<\/p><\/div><\/div><div class=\"bmo_the_gallery_image\"><a href=\"http:\/\/christiansanti.it\/wp-content\/uploads\/2014\/02\/1026.jpg\"><img src=\"http:\/\/christiansanti.it\/wp-content\/uploads\/2014\/02\/1026-150x150.jpg\" alt=\"1026\" title=\"jambiani\"\/><\/a>\n                         <div class=\"bmo_the_gallery_caption\"><p class=\"caption_title\">1026<\/p><p>jambiani<\/p><\/div><\/div><div class=\"bmo_the_gallery_image\"><a href=\"http:\/\/christiansanti.it\/wp-content\/uploads\/2014\/02\/1028.jpg\"><img src=\"http:\/\/christiansanti.it\/wp-content\/uploads\/2014\/02\/1028-150x150.jpg\" alt=\"1028\" title=\"jambiani raccolta di alghe\"\/><\/a>\n                         <div class=\"bmo_the_gallery_caption\"><p class=\"caption_title\">1028<\/p><p>jambiani raccolta di alghe<\/p><\/div><\/div><div class=\"bmo_the_gallery_image\"><a href=\"http:\/\/christiansanti.it\/wp-content\/uploads\/2014\/02\/1031.jpg\"><img src=\"http:\/\/christiansanti.it\/wp-content\/uploads\/2014\/02\/1031-150x150.jpg\" alt=\"1031\" title=\"jambiani\"\/><\/a>\n                         <div class=\"bmo_the_gallery_caption\"><p class=\"caption_title\">1031<\/p><p>jambiani<\/p><\/div><\/div><div class=\"bmo_the_gallery_image\"><a href=\"http:\/\/christiansanti.it\/wp-content\/uploads\/2014\/02\/1038.jpg\"><img src=\"http:\/\/christiansanti.it\/wp-content\/uploads\/2014\/02\/1038-150x150.jpg\" alt=\"1038\" title=\"jambiani\"\/><\/a>\n                         <div class=\"bmo_the_gallery_caption\"><p class=\"caption_title\">1038<\/p><p>jambiani<\/p><\/div><\/div><div class=\"bmo_the_gallery_image\"><a href=\"http:\/\/christiansanti.it\/wp-content\/uploads\/2014\/02\/1060.jpg\"><img src=\"http:\/\/christiansanti.it\/wp-content\/uploads\/2014\/02\/1060-150x150.jpg\" alt=\"1060\" title=\"jambiani raccolta di alghe\"\/><\/a>\n                         <div class=\"bmo_the_gallery_caption\"><p class=\"caption_title\">1060<\/p><p>jambiani raccolta di alghe<\/p><\/div><\/div><div class=\"bmo_the_gallery_image\"><a href=\"http:\/\/christiansanti.it\/wp-content\/uploads\/2014\/02\/1089.jpg\"><img src=\"http:\/\/christiansanti.it\/wp-content\/uploads\/2014\/02\/1089-150x150.jpg\" alt=\"1089\" title=\"jambiani\"\/><\/a>\n                         <div class=\"bmo_the_gallery_caption\"><p class=\"caption_title\">1089<\/p><p>jambiani<\/p><\/div><\/div><div class=\"bmo_the_gallery_image\"><a href=\"http:\/\/christiansanti.it\/wp-content\/uploads\/2014\/02\/1098.jpg\"><img src=\"http:\/\/christiansanti.it\/wp-content\/uploads\/2014\/02\/1098-150x150.jpg\" alt=\"1098\" title=\"jambiani\"\/><\/a>\n                         <div class=\"bmo_the_gallery_caption\"><p class=\"caption_title\">1098<\/p><p>jambiani<\/p><\/div><\/div><div class=\"bmo_the_gallery_image\"><a href=\"http:\/\/christiansanti.it\/wp-content\/uploads\/2014\/02\/1105.jpg\"><img src=\"http:\/\/christiansanti.it\/wp-content\/uploads\/2014\/02\/1105-150x150.jpg\" alt=\"1105\" title=\"jambiani\"\/><\/a>\n                         <div class=\"bmo_the_gallery_caption\"><p class=\"caption_title\">1105<\/p><p>jambiani<\/p><\/div><\/div><div class=\"bmo_the_gallery_image\"><a href=\"http:\/\/christiansanti.it\/wp-content\/uploads\/2014\/02\/1161.jpg\"><img src=\"http:\/\/christiansanti.it\/wp-content\/uploads\/2014\/02\/1161-150x150.jpg\" alt=\"1161\" title=\"jambiani\"\/><\/a>\n                         <div class=\"bmo_the_gallery_caption\"><p class=\"caption_title\">1161<\/p><p>jambiani<\/p><\/div><\/div><div class=\"bmo_the_gallery_image\"><a href=\"http:\/\/christiansanti.it\/wp-content\/uploads\/2014\/02\/1163.jpg\"><img src=\"http:\/\/christiansanti.it\/wp-content\/uploads\/2014\/02\/1163-150x150.jpg\" alt=\"1163\" title=\"jambiani raccolta di alghe\"\/><\/a>\n                         <div class=\"bmo_the_gallery_caption\"><p class=\"caption_title\">1163<\/p><p>jambiani raccolta di alghe<\/p><\/div><\/div><div class=\"bmo_the_gallery_image\"><a href=\"http:\/\/christiansanti.it\/wp-content\/uploads\/2014\/02\/1186.jpg\"><img src=\"http:\/\/christiansanti.it\/wp-content\/uploads\/2014\/02\/1186-150x150.jpg\" alt=\"1186\" title=\"jambiani\"\/><\/a>\n                         <div class=\"bmo_the_gallery_caption\"><p class=\"caption_title\">1186<\/p><p>jambiani<\/p><\/div><\/div><div class=\"bmo_the_gallery_image\"><a href=\"http:\/\/christiansanti.it\/wp-content\/uploads\/2014\/02\/1193.jpg\"><img src=\"http:\/\/christiansanti.it\/wp-content\/uploads\/2014\/02\/1193-150x150.jpg\" alt=\"1193\" title=\"jambiani\"\/><\/a>\n                         <div class=\"bmo_the_gallery_caption\"><p class=\"caption_title\">1193<\/p><p>jambiani<\/p><\/div><\/div><div class=\"bmo_the_gallery_image\"><a href=\"http:\/\/christiansanti.it\/wp-content\/uploads\/2014\/02\/1196.jpg\"><img src=\"http:\/\/christiansanti.it\/wp-content\/uploads\/2014\/02\/1196-150x150.jpg\" alt=\"1196\" title=\"jambiani\"\/><\/a>\n                         <div class=\"bmo_the_gallery_caption\"><p class=\"caption_title\">1196<\/p><p>jambiani<\/p><\/div><\/div><div class=\"bmo_the_gallery_image\"><a href=\"http:\/\/christiansanti.it\/wp-content\/uploads\/2014\/02\/1200.jpg\"><img src=\"http:\/\/christiansanti.it\/wp-content\/uploads\/2014\/02\/1200-150x150.jpg\" alt=\"1200\" title=\"jambiani\"\/><\/a>\n                         <div class=\"bmo_the_gallery_caption\"><p class=\"caption_title\">1200<\/p><p>jambiani<\/p><\/div><\/div><div class=\"bmo_the_gallery_image\"><a href=\"http:\/\/christiansanti.it\/wp-content\/uploads\/2014\/02\/1236.jpg\"><img src=\"http:\/\/christiansanti.it\/wp-content\/uploads\/2014\/02\/1236-150x150.jpg\" alt=\"1236\" title=\"jambiani\"\/><\/a>\n                         <div class=\"bmo_the_gallery_caption\"><p class=\"caption_title\">1236<\/p><p>jambiani<\/p><\/div><\/div><div class=\"bmo_the_gallery_image\"><a href=\"http:\/\/christiansanti.it\/wp-content\/uploads\/2014\/02\/1241.jpg\"><img src=\"http:\/\/christiansanti.it\/wp-content\/uploads\/2014\/02\/1241-150x150.jpg\" alt=\"1241\" title=\"jambiani\"\/><\/a>\n                         <div class=\"bmo_the_gallery_caption\"><p class=\"caption_title\">1241<\/p><p>jambiani<\/p><\/div><\/div><div class=\"bmo_the_gallery_image\"><a href=\"http:\/\/christiansanti.it\/wp-content\/uploads\/2014\/02\/1262.jpg\"><img src=\"http:\/\/christiansanti.it\/wp-content\/uploads\/2014\/02\/1262-150x150.jpg\" alt=\"1262\" title=\"jambiani\"\/><\/a>\n                         <div class=\"bmo_the_gallery_caption\"><p class=\"caption_title\">1262<\/p><p>jambiani<\/p><\/div><\/div><div class=\"bmo_the_gallery_image\"><a href=\"http:\/\/christiansanti.it\/wp-content\/uploads\/2014\/02\/1275.jpg\"><img src=\"http:\/\/christiansanti.it\/wp-content\/uploads\/2014\/02\/1275-150x150.jpg\" alt=\"1275\" title=\"jambiani\"\/><\/a>\n                         <div class=\"bmo_the_gallery_caption\"><p class=\"caption_title\">1275<\/p><p>jambiani<\/p><\/div><\/div><div class=\"bmo_the_gallery_image\"><a href=\"http:\/\/christiansanti.it\/wp-content\/uploads\/2014\/02\/1299.jpg\"><img src=\"http:\/\/christiansanti.it\/wp-content\/uploads\/2014\/02\/1299-150x150.jpg\" alt=\"1299\" title=\"jambiani\"\/><\/a>\n                         <div class=\"bmo_the_gallery_caption\"><p class=\"caption_title\">1299<\/p><p>jambiani<\/p><\/div><\/div><div class=\"bmo_the_gallery_image\"><a href=\"http:\/\/christiansanti.it\/wp-content\/uploads\/2014\/02\/1303.jpg\"><img src=\"http:\/\/christiansanti.it\/wp-content\/uploads\/2014\/02\/1303-150x150.jpg\" alt=\"1303\" title=\"jambiani\"\/><\/a>\n                         <div class=\"bmo_the_gallery_caption\"><p class=\"caption_title\">1303<\/p><p>jambiani<\/p><\/div><\/div><div class=\"bmo_the_gallery_image\"><a href=\"http:\/\/christiansanti.it\/wp-content\/uploads\/2014\/02\/1337.jpg\"><img src=\"http:\/\/christiansanti.it\/wp-content\/uploads\/2014\/02\/1337-150x150.jpg\" alt=\"1337\" title=\"jambiani\"\/><\/a>\n                         <div class=\"bmo_the_gallery_caption\"><p class=\"caption_title\">1337<\/p><p>jambiani<\/p><\/div><\/div><div class=\"bmo_the_gallery_image\"><a href=\"http:\/\/christiansanti.it\/wp-content\/uploads\/2014\/02\/1396.jpg\"><img src=\"http:\/\/christiansanti.it\/wp-content\/uploads\/2014\/02\/1396-150x150.jpg\" alt=\"1396\" title=\"\"\/><\/a>\n                         <div class=\"bmo_the_gallery_caption\"><p class=\"caption_title\">1396<\/p><p><\/p><\/div><\/div><div class=\"bmo_the_gallery_image\"><a href=\"http:\/\/christiansanti.it\/wp-content\/uploads\/2014\/02\/1428.jpg\"><img src=\"http:\/\/christiansanti.it\/wp-content\/uploads\/2014\/02\/1428-150x150.jpg\" alt=\"1428\" title=\"kendwa\"\/><\/a>\n                         <div class=\"bmo_the_gallery_caption\"><p class=\"caption_title\">1428<\/p><p>kendwa<\/p><\/div><\/div><div class=\"bmo_the_gallery_image\"><a href=\"http:\/\/christiansanti.it\/wp-content\/uploads\/2014\/02\/1444.jpg\"><img src=\"http:\/\/christiansanti.it\/wp-content\/uploads\/2014\/02\/1444-150x150.jpg\" alt=\"1444\" title=\"kendwa\"\/><\/a>\n                         <div class=\"bmo_the_gallery_caption\"><p class=\"caption_title\">1444<\/p><p>kendwa<\/p><\/div><\/div><div class=\"bmo_the_gallery_image\"><a href=\"http:\/\/christiansanti.it\/wp-content\/uploads\/2014\/02\/1466.jpg\"><img src=\"http:\/\/christiansanti.it\/wp-content\/uploads\/2014\/02\/1466-150x150.jpg\" alt=\"1466\" title=\"stone town\"\/><\/a>\n                         <div class=\"bmo_the_gallery_caption\"><p class=\"caption_title\">1466<\/p><p>stone town<\/p><\/div><\/div><div class=\"bmo_the_gallery_image\"><a href=\"http:\/\/christiansanti.it\/wp-content\/uploads\/2014\/02\/1468.jpg\"><img src=\"http:\/\/christiansanti.it\/wp-content\/uploads\/2014\/02\/1468-150x150.jpg\" alt=\"1468\" title=\"stone town\"\/><\/a>\n                         <div class=\"bmo_the_gallery_caption\"><p class=\"caption_title\">1468<\/p><p>stone town<\/p><\/div><\/div><div class=\"bmo_the_gallery_image\"><a href=\"http:\/\/christiansanti.it\/wp-content\/uploads\/2014\/02\/1475.jpg\"><img src=\"http:\/\/christiansanti.it\/wp-content\/uploads\/2014\/02\/1475-150x150.jpg\" alt=\"1475\" title=\"stone town\"\/><\/a>\n                         <div class=\"bmo_the_gallery_caption\"><p class=\"caption_title\">1475<\/p><p>stone town<\/p><\/div><\/div><div class=\"bmo_the_gallery_image\"><a href=\"http:\/\/christiansanti.it\/wp-content\/uploads\/2014\/02\/1478.jpg\"><img src=\"http:\/\/christiansanti.it\/wp-content\/uploads\/2014\/02\/1478-150x150.jpg\" alt=\"1478\" title=\"stone town\"\/><\/a>\n                         <div class=\"bmo_the_gallery_caption\"><p class=\"caption_title\">1478<\/p><p>stone town<\/p><\/div><\/div><div class=\"bmo_the_gallery_image\"><a href=\"http:\/\/christiansanti.it\/wp-content\/uploads\/2014\/02\/1486.jpg\"><img src=\"http:\/\/christiansanti.it\/wp-content\/uploads\/2014\/02\/1486-150x150.jpg\" alt=\"1486\" title=\"stone town\"\/><\/a>\n                         <div class=\"bmo_the_gallery_caption\"><p class=\"caption_title\">1486<\/p><p>stone town<\/p><\/div><\/div>\t\t<\/div>\n            \t\t<\/div>\n                <\/div>\n<p>galleria immagini Zanzibar 2011<\/p>\n","protected":false},"excerpt":{"rendered":"<p>Al termine del viaggio in Tanzania del 2011 ci siamo regalati una settimana di relax a Zanzibar. questa isola si trova di fronte a Dar Er Salaam, capitale della Tanzania, ed \u00e8 raggiungibile con qualche ora di aliscafo o venti minuti di volo. la capitale \u00e8 Stone Town, in cui \u00e8 assolutamente da visitare il [&hellip;]<\/p>\n","protected":false},"author":3,"featured_media":0,"parent":2,"menu_order":0,"comment_status":"open","ping_status":"open","template":"","meta":[],"_links":{"self":[{"href":"http:\/\/christiansanti.it\/index.php?rest_route=\/wp\/v2\/pages\/1051"}],"collection":[{"href":"http:\/\/christiansanti.it\/index.php?rest_route=\/wp\/v2\/pages"}],"about":[{"href":"http:\/\/christiansanti.it\/index.php?rest_route=\/wp\/v2\/types\/page"}],"author":[{"embeddable":true,"href":"http:\/\/christiansanti.it\/index.php?rest_route=\/wp\/v2\/users\/3"}],"replies":[{"embeddable":true,"href":"http:\/\/christiansanti.it\/index.php?rest_route=%2Fwp%2Fv2%2Fcomments&post=1051"}],"version-history":[{"count":1,"href":"http:\/\/christiansanti.it\/index.php?rest_route=\/wp\/v2\/pages\/1051\/revisions"}],"predecessor-version":[{"id":1093,"href":"http:\/\/christiansanti.it\/index.php?rest_route=\/wp\/v2\/pages\/1051\/revisions\/1093"}],"up":[{"embeddable":true,"href":"http:\/\/christiansanti.it\/index.php?rest_route=\/wp\/v2\/pages\/2"}],"wp:attachment":[{"href":"http:\/\/christiansanti.it\/index.php?rest_route=%2Fwp%2Fv2%2Fmedia&parent=1051"}],"curies":[{"name":"wp","href":"https:\/\/api.w.org\/{rel}","templated":true}]}}