{"id":794,"date":"2014-02-25T21:16:16","date_gmt":"2014-02-25T19:46:16","guid":{"rendered":"http:\/\/christiansanti.it\/?page_id=794"},"modified":"2014-02-25T21:16:16","modified_gmt":"2014-02-25T19:46:16","slug":"russia","status":"publish","type":"page","link":"http:\/\/christiansanti.it\/?page_id=794","title":{"rendered":"Russia"},"content":{"rendered":"<p style=\"text-align: justify;\">Nel lontano 2003 questo \u00e8 stato il mio primo viaggio con &#8220;Avventure nel Mondo&#8221;.<\/p>\n<p style=\"text-align: justify;\">Perch\u00e8 andare in Russia vi direte? perch\u00e9 credo che ne sappiamo ancora poco, nonostante si trovi in Europa. siamo storicamente bombardati dai film americani e dalle immagini di New York ma se penso alla Russia mi viene solo in mente l&#8217; inquadratura del giornalista di turno che parla in studio con lo sfondo del Cremlino.<\/p>\n<p style=\"text-align: justify;\">il nostro viaggio \u00e8 partito da Mosca, in un agosto insolitamente torrido per queste latitudini, proseguendo per le citt\u00e0 della cintura moscovita, che permettono di conoscere la vita di provincia, per finire nella maestosa San Pietroburgo.<\/p>\n<p style=\"text-align: justify;\">Mosca \u00e8 una citt\u00e0 grandiosa, con strade a otto corsie e una metropolitana con fermate distanti tra loro, altroch\u00e9 Cordusio &#8211; Duomo, e decorate spesso da mosaici e colonne dell&#8217; epoca sovietica.<\/p>\n<p style=\"text-align: justify;\">il Cremlino \u00e8 un vero gioiello che contiene diverse chiese finemente decorate e tesori di vario genere.<\/p>\n<p style=\"text-align: justify;\">Probabilmente oggi trovereste molte pi\u00f9&#8217; persone che parlano in inglese rispetto al 2003 e di certo i menu&#8217; dei ristoranti non saranno pi\u00f9&#8217; soltanto in cirillico: dieci anni fa non ho avuto certo la sensazione di essere il benvenuto e mi sono sentito un vero straniero, anzich\u00e9 un turista che fosse accolto con gioia.<\/p>\n<p style=\"text-align: justify;\">i dintorni di Mosca sono interessanti pi\u00f9&#8217; che altro per capire un po&#8217; lo stile di vita della provincia russa, per il resto al quarto monastero ed all&#8217; ennesima chiesa ortodossa se ne ha gi\u00e0 abbastanza.<\/p>\n<p style=\"text-align: justify;\">San Pietroburgo, la capitale voluta dallo zar Pietro il Grande \u00e8 l&#8217;altra metropoli russa e direi pi\u00f9&#8217; europea rispetto a Mosca, forse perch\u00e9 \u00e8 una citt\u00e0 di mare e per la maggiore vicinanza geografica agli altri paesi.<\/p>\n<p style=\"text-align: justify;\">La capitale degli zar, teatro della storica rivoluzione bolscevica del 1917 dove potrete vedere ancora lo storico incrociatore Aurora ormeggiato nel \u00a0porto: il suo colpo di cannone fu il segnale dell&#8217; assalto al palazzo d&#8217; inverno dei monarchi.<\/p>\n<p style=\"text-align: justify;\">il museo dell&#8217; Hermitage, allestito nel palazzo di Inverno degli zar, vale da solo il viaggio e ho provato una vera sensazione di stordimento nel visitare le sue sale maestose e ricche di opere d&#8217; arte straordinarie, frutto del collezionismo degli imperatori russi che li ha portati ad accumulare in anni un immenso patrimonio.<\/p>\n<p style=\"text-align: justify;\">Ricordo che usciti dal centro della citt\u00e0, in viaggio verso la residenza estiva degli zar, ero rimasto piuttosto colpito dalla squallida realt\u00e0 della periferia di San Pietroburgo: palazzoni grigi stile cortina di ferro e cortili tetri.<\/p>\n<p style=\"text-align: justify;\">Per un viaggio in Russia vi consiglio di volare su una delle due capitali e poi trasferirvi nell&#8217; altra con un bel viaggio in treno notturno:anche questa \u00e8 un&#8217; esperienza a suo modo interessante.<\/p>\n<div id=\"scrollLightboxGallery_452393971_1\" class=\"bmo_the_gallery bmo_scrollLightboxGallery\">\n            \t\t<div class=\"bmo_the_gallery_thumb_area\">\n                \t\t<div class=\"bmo_the_gallery_thumbs\"><div class=\"bmo_the_gallery_image\"><a href=\"http:\/\/christiansanti.it\/wp-content\/uploads\/2014\/02\/russia-mosca-monumento-pietro-zar-moscova.jpg\"><img src=\"http:\/\/christiansanti.it\/wp-content\/uploads\/2014\/02\/russia-mosca-monumento-pietro-zar-moscova-150x150.jpg\" alt=\"MOSCA\" title=\"\"\/><\/a>\n                         <div class=\"bmo_the_gallery_caption\"><p class=\"caption_title\">MOSCA<\/p><p><\/p><\/div><\/div><div class=\"bmo_the_gallery_image\"><a href=\"http:\/\/christiansanti.it\/wp-content\/uploads\/2014\/02\/russia-mosca-stazione-metropolitana.jpg\"><img src=\"http:\/\/christiansanti.it\/wp-content\/uploads\/2014\/02\/russia-mosca-stazione-metropolitana-150x150.jpg\" alt=\"MOSCA\" title=\"\"\/><\/a>\n                         <div class=\"bmo_the_gallery_caption\"><p class=\"caption_title\">MOSCA<\/p><p><\/p><\/div><\/div><div class=\"bmo_the_gallery_image\"><a href=\"http:\/\/christiansanti.it\/wp-content\/uploads\/2014\/02\/russia-kostrom\u00e0-monastero-panorama.jpg\"><img src=\"http:\/\/christiansanti.it\/wp-content\/uploads\/2014\/02\/russia-kostrom\u00e0-monastero-panorama-150x150.jpg\" alt=\"russia- kostrom\u00e0 monastero panorama\" title=\"\"\/><\/a>\n                         <div class=\"bmo_the_gallery_caption\"><p class=\"caption_title\">russia- kostrom\u00e0 monastero panorama<\/p><p><\/p><\/div><\/div><div class=\"bmo_the_gallery_image\"><a href=\"http:\/\/christiansanti.it\/wp-content\/uploads\/2014\/02\/russia-kostrom\u00e0-monastero.jpg\"><img src=\"http:\/\/christiansanti.it\/wp-content\/uploads\/2014\/02\/russia-kostrom\u00e0-monastero-150x150.jpg\" alt=\"russia- kostrom\u00e0 monastero\" title=\"\"\/><\/a>\n                         <div class=\"bmo_the_gallery_caption\"><p class=\"caption_title\">russia- kostrom\u00e0 monastero<\/p><p><\/p><\/div><\/div><div class=\"bmo_the_gallery_image\"><a href=\"http:\/\/christiansanti.it\/wp-content\/uploads\/2014\/02\/russia-matrimonio.jpg\"><img src=\"http:\/\/christiansanti.it\/wp-content\/uploads\/2014\/02\/russia-matrimonio-150x150.jpg\" alt=\"russia- matrimonio\" title=\"\"\/><\/a>\n                         <div class=\"bmo_the_gallery_caption\"><p class=\"caption_title\">russia- matrimonio<\/p><p><\/p><\/div><\/div><div class=\"bmo_the_gallery_image\"><a href=\"http:\/\/christiansanti.it\/wp-content\/uploads\/2014\/02\/russia-mosca-cremlino-cupole-oro-2.jpg\"><img src=\"http:\/\/christiansanti.it\/wp-content\/uploads\/2014\/02\/russia-mosca-cremlino-cupole-oro-2-150x150.jpg\" alt=\"MOSCA\" title=\"\"\/><\/a>\n                         <div class=\"bmo_the_gallery_caption\"><p class=\"caption_title\">MOSCA<\/p><p><\/p><\/div><\/div><div class=\"bmo_the_gallery_image\"><a href=\"http:\/\/christiansanti.it\/wp-content\/uploads\/2014\/02\/russia-mosca-matrioska.jpg\"><img src=\"http:\/\/christiansanti.it\/wp-content\/uploads\/2014\/02\/russia-mosca-matrioska-150x150.jpg\" alt=\"MOSCA\" title=\"\"\/><\/a>\n                         <div class=\"bmo_the_gallery_caption\"><p class=\"caption_title\">MOSCA<\/p><p><\/p><\/div><\/div><div class=\"bmo_the_gallery_image\"><a href=\"http:\/\/christiansanti.it\/wp-content\/uploads\/2014\/02\/russia-mosca-monumento-vittoria-guerra.jpg\"><img src=\"http:\/\/christiansanti.it\/wp-content\/uploads\/2014\/02\/russia-mosca-monumento-vittoria-guerra-150x150.jpg\" alt=\"MOSCA\" title=\"\"\/><\/a>\n                         <div class=\"bmo_the_gallery_caption\"><p class=\"caption_title\">MOSCA<\/p><p><\/p><\/div><\/div><div class=\"bmo_the_gallery_image\"><a href=\"http:\/\/christiansanti.it\/wp-content\/uploads\/2014\/02\/russia-rostov-monastero.jpg\"><img src=\"http:\/\/christiansanti.it\/wp-content\/uploads\/2014\/02\/russia-rostov-monastero-150x150.jpg\" alt=\"russia- rostov monastero\" title=\"\"\/><\/a>\n                         <div class=\"bmo_the_gallery_caption\"><p class=\"caption_title\">russia- rostov monastero<\/p><p><\/p><\/div><\/div><div class=\"bmo_the_gallery_image\"><a href=\"http:\/\/christiansanti.it\/wp-content\/uploads\/2014\/02\/russia-s.pietroburgo-petrozavosk-2.jpg\"><img src=\"http:\/\/christiansanti.it\/wp-content\/uploads\/2014\/02\/russia-s.pietroburgo-petrozavosk-2-150x150.jpg\" alt=\"russia- s.pietroburgo petrozavosk 2\" title=\"\"\/><\/a>\n                         <div class=\"bmo_the_gallery_caption\"><p class=\"caption_title\">russia- s.pietroburgo petrozavosk 2<\/p><p><\/p><\/div><\/div><div class=\"bmo_the_gallery_image\"><a href=\"http:\/\/christiansanti.it\/wp-content\/uploads\/2014\/02\/russia-s.pietroburgo-petrozavosk.jpg\"><img src=\"http:\/\/christiansanti.it\/wp-content\/uploads\/2014\/02\/russia-s.pietroburgo-petrozavosk-150x150.jpg\" alt=\"russia- s.pietroburgo petrozavosk\" title=\"\"\/><\/a>\n                         <div class=\"bmo_the_gallery_caption\"><p class=\"caption_title\">russia- s.pietroburgo petrozavosk<\/p><p><\/p><\/div><\/div><div class=\"bmo_the_gallery_image\"><a href=\"http:\/\/christiansanti.it\/wp-content\/uploads\/2014\/02\/russia-sergey-posad-monastero-fontana-benedetta.jpg\"><img src=\"http:\/\/christiansanti.it\/wp-content\/uploads\/2014\/02\/russia-sergey-posad-monastero-fontana-benedetta-150x150.jpg\" alt=\"MOSCA\" title=\"\"\/><\/a>\n                         <div class=\"bmo_the_gallery_caption\"><p class=\"caption_title\">MOSCA<\/p><p><\/p><\/div><\/div><div class=\"bmo_the_gallery_image\"><a href=\"http:\/\/christiansanti.it\/wp-content\/uploads\/2014\/02\/russia-yaroslav-monastero.jpg\"><img src=\"http:\/\/christiansanti.it\/wp-content\/uploads\/2014\/02\/russia-yaroslav-monastero-150x150.jpg\" alt=\"russia- yaroslav monastero\" title=\"\"\/><\/a>\n                         <div class=\"bmo_the_gallery_caption\"><p class=\"caption_title\">russia- yaroslav monastero<\/p><p><\/p><\/div><\/div>\t\t<\/div>\n            \t\t<\/div>\n                <\/div>\n<p style=\"text-align: justify;\">Galleria immagini Russia &#8211; 2003<\/p>\n<p style=\"text-align: justify;\">\n","protected":false},"excerpt":{"rendered":"<p>Nel lontano 2003 questo \u00e8 stato il mio primo viaggio con &#8220;Avventure nel Mondo&#8221;. Perch\u00e8 andare in Russia vi direte? perch\u00e9 credo che ne sappiamo ancora poco, nonostante si trovi in Europa. siamo storicamente bombardati dai film americani e dalle immagini di New York ma se penso alla Russia mi viene solo in mente l&#8217; [&hellip;]<\/p>\n","protected":false},"author":3,"featured_media":0,"parent":2,"menu_order":0,"comment_status":"open","ping_status":"open","template":"","meta":[],"_links":{"self":[{"href":"http:\/\/christiansanti.it\/index.php?rest_route=\/wp\/v2\/pages\/794"}],"collection":[{"href":"http:\/\/christiansanti.it\/index.php?rest_route=\/wp\/v2\/pages"}],"about":[{"href":"http:\/\/christiansanti.it\/index.php?rest_route=\/wp\/v2\/types\/page"}],"author":[{"embeddable":true,"href":"http:\/\/christiansanti.it\/index.php?rest_route=\/wp\/v2\/users\/3"}],"replies":[{"embeddable":true,"href":"http:\/\/christiansanti.it\/index.php?rest_route=%2Fwp%2Fv2%2Fcomments&post=794"}],"version-history":[{"count":2,"href":"http:\/\/christiansanti.it\/index.php?rest_route=\/wp\/v2\/pages\/794\/revisions"}],"predecessor-version":[{"id":809,"href":"http:\/\/christiansanti.it\/index.php?rest_route=\/wp\/v2\/pages\/794\/revisions\/809"}],"up":[{"embeddable":true,"href":"http:\/\/christiansanti.it\/index.php?rest_route=\/wp\/v2\/pages\/2"}],"wp:attachment":[{"href":"http:\/\/christiansanti.it\/index.php?rest_route=%2Fwp%2Fv2%2Fmedia&parent=794"}],"curies":[{"name":"wp","href":"https:\/\/api.w.org\/{rel}","templated":true}]}}